{"id":931,"date":"2023-04-26T12:59:38","date_gmt":"2023-04-26T15:59:38","guid":{"rendered":"https:\/\/isfdsanmiguel-crr.infd.edu.ar\/sitio\/?page_id=931"},"modified":"2023-04-26T12:59:39","modified_gmt":"2023-04-26T15:59:39","slug":"estudiantes-de-4to-ano-del-profesorado-de-educacion-secundaria-en-agronomia-isfd-san-miguel-en-la-eragia-unne","status":"publish","type":"page","link":"https:\/\/isfdsanmiguel-crr.infd.edu.ar\/sitio\/estudiantes-de-4to-ano-del-profesorado-de-educacion-secundaria-en-agronomia-isfd-san-miguel-en-la-eragia-unne\/","title":{"rendered":"Estudiantes de 4to.A\u00f1o del Profesorado de Educaci\u00f3n Secundaria en Agronom\u00eda &#8211; ISFD San Miguel en la ERAGIA UNNE"},"content":{"rendered":"<div class=\"\" dir=\"auto\">\n<div id=\":r2k:\" class=\"x1iorvi4 x1pi30zi x1l90r2v x1swvt13\" data-ad-comet-preview=\"message\" data-ad-preview=\"message\">\n<div class=\"x78zum5 xdt5ytf xz62fqu x16ldp7u\">\n<div class=\"xu06os2 x1ok221b\">\n<div class=\"xdj266r x11i5rnm xat24cr x1mh8g0r x1vvkbs x126k92a\">\n<div dir=\"auto\">Concreci\u00f3n de Pr\u00e1cticas Profesionalizantes de los Estudiantes de 4to.A\u00f1o del Profesorado de Educaci\u00f3n Secundaria en Agronom\u00eda &#8211; ISFD San Miguel en la ERAGIA UNNE &#8211; Abril 2023.<\/div>\n<div dir=\"auto\"><img decoding=\"async\" loading=\"lazy\" class=\"alignnone size-thumbnail wp-image-920\" src=\"https:\/\/isfdsanmiguel-crr.infd.edu.ar\/sitio\/wp-content\/uploads\/2023\/04\/342529572_180970054841814_381230295502975366_n-500x500.jpg\" alt=\"\" width=\"500\" height=\"500\" \/><img decoding=\"async\" loading=\"lazy\" class=\"alignnone size-thumbnail wp-image-927\" src=\"https:\/\/isfdsanmiguel-crr.infd.edu.ar\/sitio\/wp-content\/uploads\/2023\/04\/342522283_1956278291406422_1013580131159266666_n-500x500.jpg\" alt=\"\" width=\"500\" height=\"500\" \/><\/div>\n<\/div>\n<div class=\"x11i5rnm xat24cr x1mh8g0r x1vvkbs xtlvy1s x126k92a\">\n<div dir=\"auto\">Desde el d\u00eda 17\/04\/2023 al 21\/04\/2023 y del 24\/04\/2023 al 28\/04\/2023, los estudiantes de 4to. A\u00f1o del Profesorado de Agronom\u00eda organizados en dos grupos por semana, 13 estudiantes en la primera semana y 15 estudiantes en la segunda semana, inician sus PP Pr\u00e1cticas Profesionalizantes en la ERAGIA UNNE. Ser\u00e1n dos semanas intensivas donde tendr\u00e1n la posibilidad de trabajar y aprender en los diferentes sectores did\u00e1cticos productivos, a cargo de Profesionales de la UNNE. Ser\u00e1 una experiencia \u00fanica, muy valiosa y sobre todo necesaria para su formaci\u00f3n en las pr\u00e1cticas agron\u00f3micas, forjando sus aptitudes y competencias en la actividad agropecuaria, para as\u00ed poder lograr alcanzar ser Buenos y Competentes Profesionales en la Ense\u00f1anza de la Agronom\u00eda. Trabajar\u00e1n de ma\u00f1ana en los sectores de ovinos, porcinos, tambo, avicultura, cultivos protegidos, cultivos regionales, forraje, industrias agr\u00edcolas, industrias pecuarias y maquinaria agr\u00edcola. A la tarde apicultura, cunicultura, horticultura, vivero y tambo.<\/div>\n<div dir=\"auto\"><img decoding=\"async\" loading=\"lazy\" class=\"alignnone size-thumbnail wp-image-926\" src=\"https:\/\/isfdsanmiguel-crr.infd.edu.ar\/sitio\/wp-content\/uploads\/2023\/04\/342497177_167122949276119_7901522555817225615_n-500x500.jpg\" alt=\"\" width=\"500\" height=\"500\" \/><img decoding=\"async\" loading=\"lazy\" class=\"alignnone size-thumbnail wp-image-925\" src=\"https:\/\/isfdsanmiguel-crr.infd.edu.ar\/sitio\/wp-content\/uploads\/2023\/04\/342665827_3418746295046449_5810316203880948102_n-500x500.jpg\" alt=\"\" width=\"500\" height=\"500\" \/><\/div>\n<\/div>\n<div class=\"x11i5rnm xat24cr x1mh8g0r x1vvkbs xtlvy1s x126k92a\">\n<div dir=\"auto\">Como parte de una acci\u00f3n de camarader\u00eda y agradecimiento los Estudiantes del ISFD San Miguel obsequiaron a la ERAGIA UNNE 11 especies Forestales Nativas en macetas recicladas: 4 Aspidosperma polyneuron (Palo Rosa) &#8211; 3 Holocalyx balansae (Alecr\u00edn) &#8211; 2 Apuleia leiocarpa (Grapia) &#8211; 2 Bastardiopsis densiflora (Loro Blanco).<\/div>\n<div dir=\"auto\"><img decoding=\"async\" loading=\"lazy\" class=\"alignnone size-thumbnail wp-image-922\" src=\"https:\/\/isfdsanmiguel-crr.infd.edu.ar\/sitio\/wp-content\/uploads\/2023\/04\/342526401_1201790553818551_6129237606301376927_n-500x500.jpg\" alt=\"\" width=\"500\" height=\"500\" \/><img decoding=\"async\" loading=\"lazy\" class=\"alignnone size-thumbnail wp-image-923\" src=\"https:\/\/isfdsanmiguel-crr.infd.edu.ar\/sitio\/wp-content\/uploads\/2023\/04\/342217647_3413433818935978_7791759291020669998_n-500x500.jpg\" alt=\"\" width=\"500\" height=\"500\" \/><\/div>\n<\/div>\n<div class=\"x11i5rnm xat24cr x1mh8g0r x1vvkbs xtlvy1s x126k92a\">\n<div dir=\"auto\">La Escuela Regional de Agricultura, Ganader\u00eda e Industrias afines (ERAGIA) inici\u00f3 su actividad educativa en 1920, instituto de nivel medio, se cre\u00f3 con la finalidad de cubrir uno de los tres niveles de ense\u00f1anza de las ciencias agropecuarias. Hoy en d\u00eda es una Instituci\u00f3n Referente en la Ense\u00f1anza de las Ciencias Agropecuarias, acumulando una vasta experiencia. Por todo esto se gener\u00f3 el gran inter\u00e9s por realizar las PP Pr\u00e1cticas Profesionalizantes en dicha Instituci\u00f3n.<\/div>\n<div dir=\"auto\"><img decoding=\"async\" loading=\"lazy\" class=\"alignnone size-thumbnail wp-image-928\" src=\"https:\/\/isfdsanmiguel-crr.infd.edu.ar\/sitio\/wp-content\/uploads\/2023\/04\/342882499_753111726477930_3736080349648004444_n-500x500.jpg\" alt=\"\" width=\"500\" height=\"500\" \/><img decoding=\"async\" loading=\"lazy\" class=\"alignnone size-thumbnail wp-image-924\" src=\"https:\/\/isfdsanmiguel-crr.infd.edu.ar\/sitio\/wp-content\/uploads\/2023\/04\/342212410_245461797874107_2807217211755260600_n-500x500.jpg\" alt=\"\" width=\"500\" height=\"500\" \/><\/div>\n<\/div>\n<div class=\"x11i5rnm xat24cr x1mh8g0r x1vvkbs xtlvy1s x126k92a\">\n<div dir=\"auto\">Muchas gracias por recibirnos y permitirnos la realizaci\u00f3n de PP al Director Ing. Agr. Juan Gustavo Samaniego y Vice-Director Ing. Agr. Rub\u00e9n Albornoz, como as\u00ed tambi\u00e9n a todo el equipo del personal Docente y no Docente de la ERAGIA UNNE, entre ellos Harald Forest y N\u00e9stor Quar\u00edn, personal de Administraci\u00f3n, Cocina, etc. a todos ellos muchas gracias y bendiciones.<\/div>\n<\/div>\n<div class=\"x11i5rnm xat24cr x1mh8g0r x1vvkbs xtlvy1s x126k92a\">\n<div dir=\"auto\">Y muy importante tambi\u00e9n el reconocimiento y agradecimiento al Intendente de San Miguel Jos\u00e9 Alberto Barreiro, por su gran apoyo a estas PP brindando el transporte para el traslado ida y vuelta a la ERAGIA; del mismo modo a su chofer y acompa\u00f1ante muchas gracias por su buena voluntad, predisposici\u00f3n, amabilidad y atenci\u00f3n.<\/div>\n<\/div>\n<\/div>\n<\/div>\n<\/div>\n<\/div>\n","protected":false},"excerpt":{"rendered":"<p>Concreci\u00f3n de Pr\u00e1cticas Profesionalizantes de los Estudiantes de 4to.A\u00f1o del Profesorado de Educaci\u00f3n Secundaria en Agronom\u00eda &#8211; ISFD San Miguel en la ERAGIA UNNE &#8211; Abril 2023. Desde el d\u00eda 17\/04\/2023 al 21\/04\/2023 y del 24\/04\/2023 al 28\/04\/2023, los estudiantes de 4to. A\u00f1o del Profesorado de Agronom\u00eda organizados en dos grupos por semana, 13 estudiantes &#8230; <a title=\"Estudiantes de 4to.A\u00f1o del Profesorado de Educaci\u00f3n Secundaria en Agronom\u00eda &#8211; ISFD San Miguel en la ERAGIA UNNE\" class=\"read-more\" href=\"https:\/\/isfdsanmiguel-crr.infd.edu.ar\/sitio\/estudiantes-de-4to-ano-del-profesorado-de-educacion-secundaria-en-agronomia-isfd-san-miguel-en-la-eragia-unne\/\" aria-label=\"More on Estudiantes de 4to.A\u00f1o del Profesorado de Educaci\u00f3n Secundaria en Agronom\u00eda &#8211; ISFD San Miguel en la ERAGIA UNNE\">[+]<\/a><\/p>\n","protected":false},"author":151,"featured_media":0,"parent":0,"menu_order":0,"comment_status":"closed","ping_status":"closed","template":"","meta":[],"acf":[],"_links":{"self":[{"href":"https:\/\/isfdsanmiguel-crr.infd.edu.ar\/sitio\/wp-json\/wp\/v2\/pages\/931"}],"collection":[{"href":"https:\/\/isfdsanmiguel-crr.infd.edu.ar\/sitio\/wp-json\/wp\/v2\/pages"}],"about":[{"href":"https:\/\/isfdsanmiguel-crr.infd.edu.ar\/sitio\/wp-json\/wp\/v2\/types\/page"}],"author":[{"embeddable":true,"href":"https:\/\/isfdsanmiguel-crr.infd.edu.ar\/sitio\/wp-json\/wp\/v2\/users\/151"}],"replies":[{"embeddable":true,"href":"https:\/\/isfdsanmiguel-crr.infd.edu.ar\/sitio\/wp-json\/wp\/v2\/comments?post=931"}],"version-history":[{"count":1,"href":"https:\/\/isfdsanmiguel-crr.infd.edu.ar\/sitio\/wp-json\/wp\/v2\/pages\/931\/revisions"}],"predecessor-version":[{"id":932,"href":"https:\/\/isfdsanmiguel-crr.infd.edu.ar\/sitio\/wp-json\/wp\/v2\/pages\/931\/revisions\/932"}],"wp:attachment":[{"href":"https:\/\/isfdsanmiguel-crr.infd.edu.ar\/sitio\/wp-json\/wp\/v2\/media?parent=931"}],"curies":[{"name":"wp","href":"https:\/\/api.w.org\/{rel}","templated":true}]}}