{"id":908,"date":"2023-04-26T11:32:59","date_gmt":"2023-04-26T14:32:59","guid":{"rendered":"https:\/\/isfdsanmiguel-crr.infd.edu.ar\/sitio\/?page_id=908"},"modified":"2023-04-26T19:57:08","modified_gmt":"2023-04-26T22:57:08","slug":"profesorado-de-educacion-secundaria-en-agronomia","status":"publish","type":"page","link":"https:\/\/isfdsanmiguel-crr.infd.edu.ar\/sitio\/profesorado-de-educacion-secundaria-en-agronomia\/","title":{"rendered":"<strong>PROFESORADO DE EDUCACI\u00d3N SECUNDARIA EN AGRONOM\u00cdA<\/strong>"},"content":{"rendered":"<table width=\"898\">\n<tbody>\n<tr>\n<td colspan=\"5\" width=\"898\">\n<h4 style=\"text-align: center;\"><strong>PROFESORADO DE EDUCACI\u00d3N SECUNDARIA EN AGRONOM\u00cdA<\/strong><\/h4>\n<\/td>\n<\/tr>\n<tr>\n<td colspan=\"5\" width=\"898\">\n<h5><strong>Cohorte: 2019\/2020 &#8211; Total de Unidades Curriculares: 37 \u2013 T\u00edtulo que otorga: Profesor de Educaci\u00f3n Secundaria en Agronom\u00eda<\/strong><\/h5>\n<\/td>\n<\/tr>\n<tr>\n<td colspan=\"5\" width=\"898\"><strong>1\u00b0A\u00d1O<\/strong><\/td>\n<\/tr>\n<tr>\n<td width=\"45\"><\/td>\n<td width=\"428\">UNIDAD CURRICULAR<\/td>\n<td width=\"148\">R\u00c9GIMEN<\/td>\n<td width=\"124\">FORMATO<\/td>\n<td width=\"154\">HORAS DID\u00c1CTICAS<\/td>\n<\/tr>\n<tr>\n<td width=\"45\">1<\/td>\n<td width=\"428\">Biolog\u00eda<\/td>\n<td width=\"148\">Anual<\/td>\n<td width=\"124\">Materia<\/td>\n<td width=\"154\">4 horas<\/td>\n<\/tr>\n<tr>\n<td width=\"45\">2<\/td>\n<td width=\"428\">Introducci\u00f3n a la agronom\u00eda<\/td>\n<td width=\"148\">Anual<\/td>\n<td width=\"124\">Materia<\/td>\n<td width=\"154\">4 horas<\/td>\n<\/tr>\n<tr>\n<td width=\"45\">3<\/td>\n<td width=\"428\">F\u00edsico-qu\u00edmica aplicada<\/td>\n<td width=\"148\">Anual<\/td>\n<td width=\"124\">Materia<\/td>\n<td width=\"154\">4 horas<\/td>\n<\/tr>\n<tr>\n<td width=\"45\">4<\/td>\n<td width=\"428\">Matem\u00e1tica aplicada<\/td>\n<td width=\"148\">Anual<\/td>\n<td width=\"124\">Taller<\/td>\n<td width=\"154\">4 horas<\/td>\n<\/tr>\n<tr>\n<td width=\"45\">5<\/td>\n<td width=\"428\">Lectura y escritura acad\u00e9mica<\/td>\n<td width=\"148\">Anual<\/td>\n<td width=\"124\">Materia<\/td>\n<td width=\"154\">4 horas<\/td>\n<\/tr>\n<tr>\n<td width=\"45\">6<\/td>\n<td width=\"428\">Filosof\u00eda<\/td>\n<td width=\"148\">Anual<\/td>\n<td width=\"124\">Materia<\/td>\n<td width=\"154\">4 horas<\/td>\n<\/tr>\n<tr>\n<td width=\"45\">7<\/td>\n<td width=\"428\">Pedagog\u00eda<\/td>\n<td width=\"148\">Cuatrimestral<\/td>\n<td width=\"124\">Materia<\/td>\n<td width=\"154\">6 horas<\/td>\n<\/tr>\n<tr>\n<td width=\"45\">8<\/td>\n<td width=\"428\">Psicolog\u00eda educacional<\/td>\n<td width=\"148\">Cuatrimestral<\/td>\n<td width=\"124\">Materia<\/td>\n<td width=\"154\">6 horas<\/td>\n<\/tr>\n<tr>\n<td width=\"45\">9<\/td>\n<td width=\"428\">Did\u00e1ctica general<\/td>\n<td width=\"148\">Anual<\/td>\n<td width=\"124\">Materia<\/td>\n<td width=\"154\">4 horas<\/td>\n<\/tr>\n<tr>\n<td width=\"45\">10<\/td>\n<td width=\"428\">Practica I: m\u00e9todos y t\u00e9cnicas de recolecci\u00f3n\/ instituci\u00f3n educativa<\/td>\n<td width=\"148\">Anual<\/td>\n<td width=\"124\">Taller<\/td>\n<td width=\"154\">5 horas<\/td>\n<\/tr>\n<tr>\n<td colspan=\"5\" width=\"898\"><strong>2\u00b0 a\u00f1o<\/strong><\/td>\n<\/tr>\n<tr>\n<td width=\"45\">11<\/td>\n<td width=\"428\">Tecnolog\u00eda de la informaci\u00f3n y la comunicaci\u00f3n en la ense\u00f1anza<\/td>\n<td width=\"148\">Cuatrimestral<\/td>\n<td width=\"124\">Materia<\/td>\n<td width=\"154\">6 horas<\/td>\n<\/tr>\n<tr>\n<td width=\"45\">12<\/td>\n<td width=\"428\">Ecolog\u00eda<\/td>\n<td width=\"148\">Cuatrimestral<\/td>\n<td width=\"124\">Materia<\/td>\n<td width=\"154\">4 horas<\/td>\n<\/tr>\n<tr>\n<td width=\"45\">13<\/td>\n<td width=\"428\">Sistemas de producci\u00f3n<\/td>\n<td width=\"148\">Cuatrimestral<\/td>\n<td width=\"124\">Materia<\/td>\n<td width=\"154\">4 horas<\/td>\n<\/tr>\n<tr>\n<td width=\"45\">14<\/td>\n<td width=\"428\">Econom\u00eda y sociolog\u00eda agraria<\/td>\n<td width=\"148\">Anual<\/td>\n<td width=\"124\">materia<\/td>\n<td width=\"154\">4 horas<\/td>\n<\/tr>\n<tr>\n<td width=\"45\">15<\/td>\n<td width=\"428\">Did\u00e1ctica especifica<\/td>\n<td width=\"148\">Anual<\/td>\n<td width=\"124\">Materia<\/td>\n<td width=\"154\">6 horas<\/td>\n<\/tr>\n<tr>\n<td width=\"45\">16<\/td>\n<td width=\"428\">Sujeto de la educaci\u00f3n secundaria<\/td>\n<td width=\"148\">Anual<\/td>\n<td width=\"124\">Seminario<\/td>\n<td width=\"154\">6 horas<\/td>\n<\/tr>\n<tr>\n<td width=\"45\">17<\/td>\n<td width=\"428\">Historia argentina y latinoamericana<\/td>\n<td width=\"148\">Cuatrimestral<\/td>\n<td width=\"124\">Materia<\/td>\n<td width=\"154\">4 horas<\/td>\n<\/tr>\n<tr>\n<td width=\"45\">18<\/td>\n<td width=\"428\">Practica II: programaci\u00f3n de la ense\u00f1anza\/ curriculum y organizaciones escolares<\/td>\n<td width=\"148\">Anual<\/td>\n<td width=\"124\">Taller<\/td>\n<td width=\"154\">6 horas<\/td>\n<\/tr>\n<tr>\n<td colspan=\"5\" width=\"898\"><strong>3\u00b0a\u00f1o<\/strong><\/td>\n<\/tr>\n<tr>\n<td width=\"45\">19<\/td>\n<td width=\"428\">Propuesta variable o complementaria I<\/td>\n<td width=\"148\">Cuatrimestral<\/td>\n<td width=\"124\">seminario<\/td>\n<td width=\"154\">3 horas<\/td>\n<\/tr>\n<tr>\n<td width=\"45\">20<\/td>\n<td width=\"428\">Propuesta variable o complementaria II<\/td>\n<td width=\"148\">cuatrimestral<\/td>\n<td width=\"124\">Seminario<\/td>\n<td width=\"154\">3 horas<\/td>\n<\/tr>\n<tr>\n<td width=\"45\">21<\/td>\n<td width=\"428\">Qu\u00edmica org\u00e1nica<\/td>\n<td width=\"148\">anual<\/td>\n<td width=\"124\">Materia<\/td>\n<td width=\"154\">6 horas<\/td>\n<\/tr>\n<tr>\n<td width=\"45\">22<\/td>\n<td width=\"428\">Climatolog\u00eda agr\u00edcola<\/td>\n<td width=\"148\">Cuatrimestral<\/td>\n<td width=\"124\">Taller<\/td>\n<td width=\"154\">3 horas<\/td>\n<\/tr>\n<tr>\n<td width=\"45\">23<\/td>\n<td width=\"428\">Eco-fisiolog\u00eda<\/td>\n<td width=\"148\">Cuatrimestral<\/td>\n<td width=\"124\">Seminario<\/td>\n<td width=\"154\">3horas<\/td>\n<\/tr>\n<tr>\n<td width=\"45\">24<\/td>\n<td width=\"428\">Agricultura ecol\u00f3gica y alimentaci\u00f3n<\/td>\n<td width=\"148\">cuatrimestral<\/td>\n<td width=\"124\">Taller<\/td>\n<td width=\"154\">4 horas<\/td>\n<\/tr>\n<tr>\n<td width=\"45\">25<\/td>\n<td width=\"428\">Bot\u00e1nica agr\u00edcola<\/td>\n<td width=\"148\">Cuatrimestral<\/td>\n<td width=\"124\">Taller<\/td>\n<td width=\"154\">4 horas<\/td>\n<\/tr>\n<tr>\n<td width=\"45\">26<\/td>\n<td width=\"428\">Ingles t\u00e9cnico<\/td>\n<td width=\"148\">Anual<\/td>\n<td width=\"124\">Materia<\/td>\n<td width=\"154\">3 horas<\/td>\n<\/tr>\n<tr>\n<td width=\"45\">27<\/td>\n<td width=\"428\">Sociolog\u00eda de la educaci\u00f3n<\/td>\n<td width=\"148\">Cuatrimestral<\/td>\n<td width=\"124\">Materia<\/td>\n<td width=\"154\">6 horas<\/td>\n<\/tr>\n<tr>\n<td width=\"45\">28<\/td>\n<td width=\"428\">Historia y pol\u00edtica de la Educ. Arg.<\/td>\n<td width=\"148\">Cuatrimestral<\/td>\n<td width=\"124\">Materia<\/td>\n<td width=\"154\">4 horas<\/td>\n<\/tr>\n<tr>\n<td width=\"45\">29<\/td>\n<td width=\"428\">Practica III: coordinaci\u00f3n de grupos de aprendizaje\/ evaluaci\u00f3n de los aprendizajes<\/td>\n<td width=\"148\">anual<\/td>\n<td width=\"124\">Taller<\/td>\n<td width=\"154\">7 horas<\/td>\n<\/tr>\n<tr>\n<td colspan=\"5\" width=\"898\"><strong>4\u00b0a\u00f1o<\/strong><\/td>\n<\/tr>\n<tr>\n<td width=\"45\">30<\/td>\n<td width=\"428\">Zoolog\u00eda agr\u00edcola<\/td>\n<td width=\"148\">Cuatrimestral<\/td>\n<td width=\"124\">Materia<\/td>\n<td width=\"154\">6 horas<\/td>\n<\/tr>\n<tr>\n<td width=\"45\">31<\/td>\n<td width=\"428\">Cultivos regionales<\/td>\n<td width=\"148\">Cuatrimestral<\/td>\n<td width=\"124\">Materia<\/td>\n<td width=\"154\">6 horas<\/td>\n<\/tr>\n<tr>\n<td width=\"45\">32<\/td>\n<td width=\"428\">Instalaciones y maquinaria agr\u00edcola<\/td>\n<td width=\"148\">Cuatrimestral<\/td>\n<td width=\"124\">Materia<\/td>\n<td width=\"154\">6 horas<\/td>\n<\/tr>\n<tr>\n<td width=\"45\">33<\/td>\n<td width=\"428\">Granja<\/td>\n<td width=\"148\">Cuatrimestral<\/td>\n<td width=\"124\">Materia<\/td>\n<td width=\"154\">3 horas<\/td>\n<\/tr>\n<tr>\n<td width=\"45\">34<\/td>\n<td width=\"428\">Educaci\u00f3n sexual integral<\/td>\n<td width=\"148\">Cuatrimestral<\/td>\n<td width=\"124\">Taller<\/td>\n<td width=\"154\">3 horas<\/td>\n<\/tr>\n<tr>\n<td width=\"45\">35<\/td>\n<td width=\"428\">Propuesta variable o complementaria III<\/td>\n<td width=\"148\">Cuatrimestral<\/td>\n<td width=\"124\">Seminario<\/td>\n<td width=\"154\">3 horas<\/td>\n<\/tr>\n<tr>\n<td width=\"45\">36<\/td>\n<td width=\"428\">Propuesta variable o complementaria IV<\/td>\n<td width=\"148\">Cuatrimestral<\/td>\n<td width=\"124\">Taller<\/td>\n<td width=\"154\">3 horas<\/td>\n<\/tr>\n<tr>\n<td width=\"45\">37<\/td>\n<td width=\"428\">Residencia pedag\u00f3gica: sistematizaci\u00f3n de experiencias<\/td>\n<td width=\"148\">Anual<\/td>\n<td width=\"124\">Taller<\/td>\n<td width=\"154\">10 horas<\/td>\n<\/tr>\n<\/tbody>\n<\/table>\n","protected":false},"excerpt":{"rendered":"<p>PROFESORADO DE EDUCACI\u00d3N SECUNDARIA EN AGRONOM\u00cdA Cohorte: 2019\/2020 &#8211; Total de Unidades Curriculares: 37 \u2013 T\u00edtulo que otorga: Profesor de Educaci\u00f3n Secundaria en Agronom\u00eda 1\u00b0A\u00d1O UNIDAD CURRICULAR R\u00c9GIMEN FORMATO HORAS DID\u00c1CTICAS 1 Biolog\u00eda Anual Materia 4 horas 2 Introducci\u00f3n a la agronom\u00eda Anual Materia 4 horas 3 F\u00edsico-qu\u00edmica aplicada Anual Materia 4 horas 4 Matem\u00e1tica &#8230; <a title=\"PROFESORADO DE EDUCACI\u00d3N SECUNDARIA EN AGRONOM\u00cdA\" class=\"read-more\" href=\"https:\/\/isfdsanmiguel-crr.infd.edu.ar\/sitio\/profesorado-de-educacion-secundaria-en-agronomia\/\" aria-label=\"More on PROFESORADO DE EDUCACI\u00d3N SECUNDARIA EN AGRONOM\u00cdA\">[+]<\/a><\/p>\n","protected":false},"author":151,"featured_media":0,"parent":0,"menu_order":0,"comment_status":"closed","ping_status":"closed","template":"","meta":[],"acf":[],"_links":{"self":[{"href":"https:\/\/isfdsanmiguel-crr.infd.edu.ar\/sitio\/wp-json\/wp\/v2\/pages\/908"}],"collection":[{"href":"https:\/\/isfdsanmiguel-crr.infd.edu.ar\/sitio\/wp-json\/wp\/v2\/pages"}],"about":[{"href":"https:\/\/isfdsanmiguel-crr.infd.edu.ar\/sitio\/wp-json\/wp\/v2\/types\/page"}],"author":[{"embeddable":true,"href":"https:\/\/isfdsanmiguel-crr.infd.edu.ar\/sitio\/wp-json\/wp\/v2\/users\/151"}],"replies":[{"embeddable":true,"href":"https:\/\/isfdsanmiguel-crr.infd.edu.ar\/sitio\/wp-json\/wp\/v2\/comments?post=908"}],"version-history":[{"count":2,"href":"https:\/\/isfdsanmiguel-crr.infd.edu.ar\/sitio\/wp-json\/wp\/v2\/pages\/908\/revisions"}],"predecessor-version":[{"id":944,"href":"https:\/\/isfdsanmiguel-crr.infd.edu.ar\/sitio\/wp-json\/wp\/v2\/pages\/908\/revisions\/944"}],"wp:attachment":[{"href":"https:\/\/isfdsanmiguel-crr.infd.edu.ar\/sitio\/wp-json\/wp\/v2\/media?parent=908"}],"curies":[{"name":"wp","href":"https:\/\/api.w.org\/{rel}","templated":true}]}}