{"id":903,"date":"2023-04-26T11:22:19","date_gmt":"2023-04-26T14:22:19","guid":{"rendered":"https:\/\/isfdsanmiguel-crr.infd.edu.ar\/sitio\/?page_id=903"},"modified":"2023-04-26T19:56:13","modified_gmt":"2023-04-26T22:56:13","slug":"profesorado-de-educacion-secundaria-en-historia","status":"publish","type":"page","link":"https:\/\/isfdsanmiguel-crr.infd.edu.ar\/sitio\/profesorado-de-educacion-secundaria-en-historia\/","title":{"rendered":"PLAN DE ESTUDIO"},"content":{"rendered":"<table>\n<tbody>\n<tr>\n<td colspan=\"5\" width=\"886\">\n<h4 style=\"text-align: center;\"><strong>PROFESORADO EN EDUCACION SECUNDARIA EN HISTORIA<\/strong><\/h4>\n<\/td>\n<\/tr>\n<tr>\n<td colspan=\"5\" width=\"886\">\n<h5><strong>Cohorte: 2023 &#8211; Total de Unidades Curriculares: 36 \u2013 T\u00edtulo que otorga: Profesor de Educaci\u00f3n Secundaria en Historia<\/strong><\/h5>\n<\/td>\n<\/tr>\n<tr>\n<td colspan=\"5\" width=\"886\"><strong>1\u00b0 A\u00d1O<\/strong><\/td>\n<\/tr>\n<tr>\n<td colspan=\"5\" width=\"886\"><strong>\u00a0<\/strong><\/td>\n<\/tr>\n<tr>\n<td width=\"47\"><\/td>\n<td width=\"441\">Unidad Curricular<\/td>\n<td width=\"138\">R\u00e9gimen<\/td>\n<td width=\"130\">Formato<\/td>\n<td width=\"130\">Horas did\u00e1cticas<\/td>\n<\/tr>\n<tr>\n<td width=\"47\">1<\/td>\n<td width=\"441\">Pedagog\u00eda<\/td>\n<td width=\"138\">Anual<\/td>\n<td width=\"130\">Materia<\/td>\n<td width=\"130\">4 Horas<\/td>\n<\/tr>\n<tr>\n<td width=\"47\">2<\/td>\n<td width=\"441\">Did\u00e1ctica General<\/td>\n<td width=\"138\">Anual<\/td>\n<td width=\"130\">Materia<\/td>\n<td width=\"130\">4 Horas<\/td>\n<\/tr>\n<tr>\n<td width=\"47\">3<\/td>\n<td width=\"441\">Lectura y Escritura Acad\u00e9mica<\/td>\n<td width=\"138\">Anual<\/td>\n<td width=\"130\">Taller<\/td>\n<td width=\"130\">4 Horas<\/td>\n<\/tr>\n<tr>\n<td width=\"47\">4<\/td>\n<td width=\"441\">Filosof\u00eda de la Educaci\u00f3n<\/td>\n<td width=\"138\">1\u00b0cuatrim.<\/td>\n<td width=\"130\">Materia<\/td>\n<td width=\"130\">3 Horas<\/td>\n<\/tr>\n<tr>\n<td width=\"47\">5<\/td>\n<td width=\"441\">Introducci\u00f3n a la Historia<\/td>\n<td width=\"138\">Anual<\/td>\n<td width=\"130\">Materia<\/td>\n<td width=\"130\">4 Horas<\/td>\n<\/tr>\n<tr>\n<td width=\"47\">6<\/td>\n<td width=\"441\">Historia Antigua<\/td>\n<td width=\"138\">Anual<\/td>\n<td width=\"130\">Materia<\/td>\n<td width=\"130\">5 Horas<\/td>\n<\/tr>\n<tr>\n<td width=\"47\">7<\/td>\n<td width=\"441\">Antropolog\u00eda, Prehistoria y Arqueolog\u00eda<\/td>\n<td width=\"138\">Anual<\/td>\n<td width=\"130\">Materia<\/td>\n<td width=\"130\">4 Horas<\/td>\n<\/tr>\n<tr>\n<td width=\"47\">8<\/td>\n<td width=\"441\">Pr\u00e1ctica docente I<\/td>\n<td width=\"138\">Anual<\/td>\n<td width=\"130\">Practicas docentes<\/td>\n<td width=\"130\">5 Horas<\/td>\n<\/tr>\n<tr>\n<td colspan=\"5\" width=\"886\"><strong>\u00a0<\/strong><\/td>\n<\/tr>\n<tr>\n<td colspan=\"5\" width=\"886\"><strong>2\u00b0 a\u00f1o<\/strong><\/td>\n<\/tr>\n<tr>\n<td colspan=\"5\" width=\"886\"><strong>\u00a0<\/strong><\/td>\n<\/tr>\n<tr>\n<td width=\"47\">9<\/td>\n<td width=\"441\">Historia y Pol\u00edtica de la Educaci\u00f3n Argentina<\/td>\n<td width=\"138\">2\u00b0cuatrm.<\/td>\n<td width=\"130\">Materia<\/td>\n<td width=\"130\">3 Horas<\/td>\n<\/tr>\n<tr>\n<td width=\"47\">10<\/td>\n<td width=\"441\">Tecnolog\u00eda de la Inform. Y la Comunic.<\/td>\n<td width=\"138\">Anual<\/td>\n<td width=\"130\">Taller<\/td>\n<td width=\"130\">3 Horas<\/td>\n<\/tr>\n<tr>\n<td width=\"47\">11<\/td>\n<td width=\"441\">Historia Medieval<\/td>\n<td width=\"138\">1\u00b0 Cuatrim.<\/td>\n<td width=\"130\">Materia<\/td>\n<td width=\"130\">6 Horas<\/td>\n<\/tr>\n<tr>\n<td width=\"47\">12<\/td>\n<td width=\"441\">Sociedad y Espacios Geogr\u00e1ficos<\/td>\n<td width=\"138\">1\u00b0 Cuatrim.<\/td>\n<td width=\"130\">Materia<\/td>\n<td width=\"130\">6 Horas<\/td>\n<\/tr>\n<tr>\n<td width=\"47\">13<\/td>\n<td width=\"441\">Historia de la Modernidad<\/td>\n<td width=\"138\">2\u00b0 Cuatrim.<\/td>\n<td width=\"130\">Materia<\/td>\n<td width=\"130\">6 Horas<\/td>\n<\/tr>\n<tr>\n<td width=\"47\">14<\/td>\n<td width=\"441\">Historia Colonial Americana y Argentina<\/td>\n<td width=\"138\">Anual<\/td>\n<td width=\"130\">Materia<\/td>\n<td width=\"130\">4 Horas<\/td>\n<\/tr>\n<tr>\n<td width=\"47\">15<\/td>\n<td width=\"441\">Psicolog\u00eda Educacional<\/td>\n<td width=\"138\">1\u00b0 Cuatrim.<\/td>\n<td width=\"130\">Materia<\/td>\n<td width=\"130\">4 Horas<\/td>\n<\/tr>\n<tr>\n<td width=\"47\">16<\/td>\n<td width=\"441\">Sujeto de la Educaci\u00f3n Secundaria<\/td>\n<td width=\"138\">Anual<\/td>\n<td width=\"130\">Materia<\/td>\n<td width=\"130\">4 Horas<\/td>\n<\/tr>\n<tr>\n<td width=\"47\">17<\/td>\n<td width=\"441\">Did\u00e1ctica Especifica I<\/td>\n<td width=\"138\">2\u00b0 Cuatrim.<\/td>\n<td width=\"130\">Materia<\/td>\n<td width=\"130\">4 HORAS<\/td>\n<\/tr>\n<tr>\n<td width=\"47\">18<\/td>\n<td width=\"441\">Pr\u00e1ctica Docente II<\/td>\n<td width=\"138\">Anual<\/td>\n<td width=\"130\">Pr\u00e1ctica Docente<\/td>\n<td width=\"130\">7 Horas<\/td>\n<\/tr>\n<tr>\n<td colspan=\"5\" width=\"886\">\n<h2><strong>\u00a0<\/strong><\/h2>\n<\/td>\n<\/tr>\n<tr>\n<td colspan=\"5\" width=\"886\">\n<h6><strong>3\u00b0\u00a0 A\u00d1O<\/strong><\/h6>\n<\/td>\n<\/tr>\n<tr>\n<td colspan=\"5\" width=\"886\">\n<h2><strong>\u00a0<\/strong><\/h2>\n<\/td>\n<\/tr>\n<tr>\n<td width=\"47\">19<\/td>\n<td width=\"441\">Sociolog\u00eda de la Educaci\u00f3n<\/td>\n<td width=\"138\">1\u00b0 Cuatrim.<\/td>\n<td width=\"130\">Materia<\/td>\n<td width=\"130\">3 Horas<\/td>\n<\/tr>\n<tr>\n<td width=\"47\">20<\/td>\n<td width=\"441\">Historia de la Provincia de Corrientes<\/td>\n<td width=\"138\">Anual<\/td>\n<td width=\"130\">Materia<\/td>\n<td width=\"130\">5 Horas<\/td>\n<\/tr>\n<tr>\n<td width=\"47\">21<\/td>\n<td width=\"441\">Historia Mundial del Siglo XIX<\/td>\n<td width=\"138\">1\u00b0 Cuatrim.<\/td>\n<td width=\"130\">Materia<\/td>\n<td width=\"130\">4 Horas<\/td>\n<\/tr>\n<tr>\n<td width=\"47\">22<\/td>\n<td width=\"441\">Historia Argentina del Siglo XIX<\/td>\n<td width=\"138\">Anual<\/td>\n<td width=\"130\">Materia<\/td>\n<td width=\"130\">6 Horas<\/td>\n<\/tr>\n<tr>\n<td width=\"47\">23<\/td>\n<td width=\"441\">Historia Americana del Siglo XIX<\/td>\n<td width=\"138\">2\u00b0 Cuatrim.<\/td>\n<td width=\"130\">Materia<\/td>\n<td width=\"130\">4 Horas<\/td>\n<\/tr>\n<tr>\n<td width=\"47\">24<\/td>\n<td width=\"441\">Did\u00e1ctica Especifica II<\/td>\n<td width=\"138\">Anual<\/td>\n<td width=\"130\">Materia<\/td>\n<td width=\"130\">4 Horas<\/td>\n<\/tr>\n<tr>\n<td width=\"47\">25<\/td>\n<td width=\"441\">Historias de las Ideas Pol\u00edticas<\/td>\n<td width=\"138\">2\u00b0 Cuatrim.<\/td>\n<td width=\"130\">Materia<\/td>\n<td width=\"130\">4 Horas<\/td>\n<\/tr>\n<tr>\n<td width=\"47\">26<\/td>\n<td width=\"441\">An\u00e1lisis de las Teor\u00edas Econ\u00f3micas<\/td>\n<td width=\"138\">2\u00b0 Cuatrim.<\/td>\n<td width=\"130\">Seminario<\/td>\n<td width=\"130\">4 Horas<\/td>\n<\/tr>\n<tr>\n<td width=\"47\">27<\/td>\n<td width=\"441\">T.I.C en la Ense\u00f1anza de la Historia<\/td>\n<td width=\"138\">1\u00b0 Cuatrim.<\/td>\n<td width=\"130\">Taller<\/td>\n<td width=\"130\">4 Horas<\/td>\n<\/tr>\n<tr>\n<td width=\"47\">28<\/td>\n<td width=\"441\">Practicas Docentes III<\/td>\n<td width=\"138\">Anual<\/td>\n<td width=\"130\">Practicas Docentes<\/td>\n<td width=\"130\">9 Horas<\/td>\n<\/tr>\n<tr>\n<td colspan=\"5\" width=\"886\"><strong>\u00a0<\/strong><\/td>\n<\/tr>\n<tr>\n<td colspan=\"5\" width=\"886\"><strong>4\u00b0 A\u00d1OS<\/strong><\/td>\n<\/tr>\n<tr>\n<td colspan=\"5\" width=\"886\"><strong>\u00a0<\/strong><\/td>\n<\/tr>\n<tr>\n<td width=\"47\">29<\/td>\n<td width=\"441\">Lengua Extranjera<\/td>\n<td width=\"138\">2\u00b0 Cuatrim.<\/td>\n<td width=\"130\">Taller<\/td>\n<td width=\"130\">3 Horas<\/td>\n<\/tr>\n<tr>\n<td width=\"47\">30<\/td>\n<td width=\"441\">Historia Mundial en el siglo XX<\/td>\n<td width=\"138\">1\u00b0 Cuatrim.<\/td>\n<td width=\"130\">Materia<\/td>\n<td width=\"130\">6 Horas<\/td>\n<\/tr>\n<tr>\n<td width=\"47\">31<\/td>\n<td width=\"441\">Historia Argentina del Siglo XX<\/td>\n<td width=\"138\">2\u00b0 Cuatrim.<\/td>\n<td width=\"130\">Materia<\/td>\n<td width=\"130\">6 Horas<\/td>\n<\/tr>\n<tr>\n<td width=\"47\">32<\/td>\n<td width=\"441\">Historia Americana del Siglo XX<\/td>\n<td width=\"138\">2\u00b0 Cuatrim.<\/td>\n<td width=\"130\">Materia<\/td>\n<td width=\"130\">6 Horas<\/td>\n<\/tr>\n<tr>\n<td width=\"47\">33<\/td>\n<td width=\"441\">Metodolog\u00eda de Investigaci\u00f3n y Seminario<\/td>\n<td width=\"138\">Anual<\/td>\n<td width=\"130\">Materia<\/td>\n<td width=\"130\">4 Hora<\/td>\n<\/tr>\n<tr>\n<td width=\"47\">34<\/td>\n<td width=\"441\">Educaci\u00f3n Sexual Integral<\/td>\n<td width=\"138\">1\u00b0 Cuatrim.<\/td>\n<td width=\"130\">Taller<\/td>\n<td width=\"130\">4 Horas<\/td>\n<\/tr>\n<tr>\n<td width=\"47\">35<\/td>\n<td width=\"441\">\u00c9tica y Ciudadana<\/td>\n<td width=\"138\">1\u00b0 Cuatrim.<\/td>\n<td width=\"130\">Materia<\/td>\n<td width=\"130\">3 Horas<\/td>\n<\/tr>\n<tr>\n<td width=\"47\">36<\/td>\n<td width=\"441\">Residencia Pedag\u00f3gica<\/td>\n<td width=\"138\">Anual<\/td>\n<td width=\"130\">Practicas Docentes<\/td>\n<td width=\"130\">12 Horas<\/td>\n<\/tr>\n<\/tbody>\n<\/table>\n","protected":false},"excerpt":{"rendered":"<p>PROFESORADO EN EDUCACION SECUNDARIA EN HISTORIA Cohorte: 2023 &#8211; Total de Unidades Curriculares: 36 \u2013 T\u00edtulo que otorga: Profesor de Educaci\u00f3n Secundaria en Historia 1\u00b0 A\u00d1O \u00a0 Unidad Curricular R\u00e9gimen Formato Horas did\u00e1cticas 1 Pedagog\u00eda Anual Materia 4 Horas 2 Did\u00e1ctica General Anual Materia 4 Horas 3 Lectura y Escritura Acad\u00e9mica Anual Taller 4 Horas &#8230; <a title=\"PLAN DE ESTUDIO\" class=\"read-more\" href=\"https:\/\/isfdsanmiguel-crr.infd.edu.ar\/sitio\/profesorado-de-educacion-secundaria-en-historia\/\" aria-label=\"More on PLAN DE ESTUDIO\">[+]<\/a><\/p>\n","protected":false},"author":151,"featured_media":0,"parent":0,"menu_order":0,"comment_status":"closed","ping_status":"closed","template":"","meta":[],"acf":[],"_links":{"self":[{"href":"https:\/\/isfdsanmiguel-crr.infd.edu.ar\/sitio\/wp-json\/wp\/v2\/pages\/903"}],"collection":[{"href":"https:\/\/isfdsanmiguel-crr.infd.edu.ar\/sitio\/wp-json\/wp\/v2\/pages"}],"about":[{"href":"https:\/\/isfdsanmiguel-crr.infd.edu.ar\/sitio\/wp-json\/wp\/v2\/types\/page"}],"author":[{"embeddable":true,"href":"https:\/\/isfdsanmiguel-crr.infd.edu.ar\/sitio\/wp-json\/wp\/v2\/users\/151"}],"replies":[{"embeddable":true,"href":"https:\/\/isfdsanmiguel-crr.infd.edu.ar\/sitio\/wp-json\/wp\/v2\/comments?post=903"}],"version-history":[{"count":3,"href":"https:\/\/isfdsanmiguel-crr.infd.edu.ar\/sitio\/wp-json\/wp\/v2\/pages\/903\/revisions"}],"predecessor-version":[{"id":943,"href":"https:\/\/isfdsanmiguel-crr.infd.edu.ar\/sitio\/wp-json\/wp\/v2\/pages\/903\/revisions\/943"}],"wp:attachment":[{"href":"https:\/\/isfdsanmiguel-crr.infd.edu.ar\/sitio\/wp-json\/wp\/v2\/media?parent=903"}],"curies":[{"name":"wp","href":"https:\/\/api.w.org\/{rel}","templated":true}]}}