{"id":730,"date":"2018-07-26T10:40:07","date_gmt":"2018-07-26T13:40:07","guid":{"rendered":"https:\/\/isfdsanmiguel-crr.infd.edu.ar\/sitio\/?page_id=730"},"modified":"2023-04-26T20:40:07","modified_gmt":"2023-04-26T23:40:07","slug":"ingresantes","status":"publish","type":"page","link":"https:\/\/isfdsanmiguel-crr.infd.edu.ar\/sitio\/estudiantes\/ingresantes\/","title":{"rendered":"Plan de Estudio"},"content":{"rendered":"<table width=\"898\">\n<tbody>\n<tr>\n<td colspan=\"5\" width=\"898\">\n<h4 style=\"text-align: center;\"><strong>TECNICATURA SUPERIOR EN INFRAESTRUCTURA INFORM\u00c1TICA<\/strong><\/h4>\n<\/td>\n<\/tr>\n<tr>\n<td colspan=\"5\" width=\"898\">\n<h5><strong>Cohorte: 2021\/2022\/2023 &#8211; Total de Unidades Curriculares: 25 \u2013 T\u00edtulo que otorga: <\/strong><strong>T\u00e9cnico Superior en Soporte de Infraestructura de Tecnolog\u00eda de la Informaci\u00f3n<\/strong><\/h5>\n<\/td>\n<\/tr>\n<tr>\n<td colspan=\"5\" width=\"898\">\n<p><strong>1\u00b0A\u00d1O<\/strong><\/p>\n<\/td>\n<\/tr>\n<tr>\n<td width=\"45\">\u00a0<\/td>\n<td width=\"428\">\n<p>UNIDAD CURRICULAR<\/p>\n<\/td>\n<td width=\"148\">\n<p>R\u00c9GIMEN<\/p>\n<\/td>\n<td width=\"124\">\n<p>FORMATO<\/p>\n<\/td>\n<td width=\"154\">\n<p>HORAS DID\u00c1CTICAS<\/p>\n<\/td>\n<\/tr>\n<tr>\n<td width=\"45\">\n<p>1<\/p>\n<\/td>\n<td width=\"428\">\n<p>Relaci\u00f3n Estado \u2013 Sociedad<\/p>\n<\/td>\n<td width=\"148\">\n<p>Cuatrimestral<\/p>\n<\/td>\n<td style=\"text-align: left;\" width=\"124\">Materia<\/td>\n<td width=\"154\">\n<p>4 horas<\/p>\n<\/td>\n<\/tr>\n<tr>\n<td width=\"45\">\n<p>2<\/p>\n<\/td>\n<td width=\"428\">\n<p>Inform\u00e1tica<\/p>\n<\/td>\n<td width=\"148\">\n<p>Anual<\/p>\n<\/td>\n<td style=\"text-align: left;\" width=\"124\">Taller<\/td>\n<td width=\"154\">\n<p>6 horas<\/p>\n<\/td>\n<\/tr>\n<tr>\n<td width=\"45\">\n<p>3<\/p>\n<\/td>\n<td width=\"428\">\n<p>Ingl\u00e9s T\u00e9cnico<\/p>\n<\/td>\n<td width=\"148\">\n<p>Anual<\/p>\n<\/td>\n<td style=\"text-align: left;\" width=\"124\">Materia<\/td>\n<td width=\"154\">\n<p>4 horas<\/p>\n<\/td>\n<\/tr>\n<tr>\n<td width=\"45\">\n<p>4<\/p>\n<\/td>\n<td width=\"428\">\n<p>Matem\u00e1tica<\/p>\n<\/td>\n<td width=\"148\">\n<p>Anual<\/p>\n<\/td>\n<td style=\"text-align: left;\" width=\"124\">Materia<\/td>\n<td width=\"154\">\n<p>5 horas<\/p>\n<\/td>\n<\/tr>\n<tr>\n<td width=\"45\">\n<p>5<\/p>\n<\/td>\n<td width=\"428\">\n<p>Ofim\u00e1tica<\/p>\n<\/td>\n<td width=\"148\">\n<p>Cuatrimestral<\/p>\n<\/td>\n<td style=\"text-align: left;\" width=\"124\">Taller<\/td>\n<td width=\"154\">\n<p>6 horas<\/p>\n<\/td>\n<\/tr>\n<tr>\n<td width=\"45\">\n<p>6<\/p>\n<\/td>\n<td width=\"428\">\n<p>Estad\u00edstica y Probabilidad<\/p>\n<\/td>\n<td width=\"148\">\n<p>Cuatrimestral<\/p>\n<\/td>\n<td style=\"text-align: left;\" width=\"124\">Materia\u00a0<\/td>\n<td width=\"154\">\n<p>4 horas<\/p>\n<\/td>\n<\/tr>\n<tr>\n<td width=\"45\">\n<p>7<\/p>\n<\/td>\n<td width=\"428\">\n<p>Programaci\u00f3n<\/p>\n<\/td>\n<td width=\"148\">\n<p>Cuatrimestral<\/p>\n<\/td>\n<td style=\"text-align: left;\" width=\"124\">Taller<\/td>\n<td width=\"154\">\n<p>6 horas<\/p>\n<\/td>\n<\/tr>\n<tr>\n<td width=\"45\">\n<p>8<\/p>\n<\/td>\n<td width=\"428\">\n<p>Arquitectura de Computadoras<\/p>\n<\/td>\n<td width=\"148\">\n<p>Cuatrimestral<\/p>\n<\/td>\n<td style=\"text-align: left;\" width=\"124\">Taller<\/td>\n<td width=\"154\">\n<p>6 horas<\/p>\n<\/td>\n<\/tr>\n<tr>\n<td width=\"45\">\n<p>9<\/p>\n<\/td>\n<td width=\"428\">\n<p>Pr\u00e1ctica Profesionalizante I<\/p>\n<\/td>\n<td width=\"148\">\n<p>Cuatrimestral<\/p>\n<\/td>\n<td style=\"text-align: left;\" width=\"124\">Pr\u00e1ctica Profesionalizante<\/td>\n<td width=\"154\">\n<p>5 horas<\/p>\n<\/td>\n<\/tr>\n<tr>\n<td colspan=\"5\" width=\"898\">\n<p><strong>2\u00b0 a\u00f1o<\/strong><\/p>\n<\/td>\n<\/tr>\n<tr>\n<td width=\"45\">\n<p>10<\/p>\n<\/td>\n<td width=\"428\">\n<p>Sistemas Administrativos<\/p>\n<\/td>\n<td width=\"148\">\n<p>Cuatrimestral<\/p>\n<\/td>\n<td style=\"text-align: left;\" width=\"124\">Materia\u00a0<\/td>\n<td width=\"154\">\n<p>5 horas<\/p>\n<\/td>\n<\/tr>\n<tr>\n<td width=\"45\">\n<p>11<\/p>\n<\/td>\n<td width=\"428\">\n<p>Sistemas Operativos<\/p>\n<\/td>\n<td width=\"148\">\n<p>Anual<\/p>\n<\/td>\n<td style=\"text-align: left;\" width=\"124\">Taller\u00a0<\/td>\n<td width=\"154\">\n<p>4 horas<\/p>\n<\/td>\n<\/tr>\n<tr>\n<td width=\"45\">\n<p>12<\/p>\n<\/td>\n<td width=\"428\">\n<p>Redes I<\/p>\n<\/td>\n<td width=\"148\">\n<p>Cuatrimestral<\/p>\n<\/td>\n<td style=\"text-align: left;\" width=\"124\">Taller<\/td>\n<td width=\"154\">\n<p>6 horas<\/p>\n<\/td>\n<\/tr>\n<tr>\n<td width=\"45\">\n<p>13<\/p>\n<\/td>\n<td width=\"428\">\n<p>Soporte T\u00e9cnico I<\/p>\n<\/td>\n<td width=\"148\">\n<p>Anual<\/p>\n<\/td>\n<td style=\"text-align: left;\" width=\"124\">Taller<\/td>\n<td width=\"154\">\n<p>5 horas<\/p>\n<\/td>\n<\/tr>\n<tr>\n<td width=\"45\">\n<p>14<\/p>\n<\/td>\n<td width=\"428\">\n<p>Cultura y Comunicaci\u00f3n Contempor\u00e1nea<\/p>\n<\/td>\n<td width=\"148\">\n<p>Cuatrimestral<\/p>\n<\/td>\n<td style=\"text-align: left;\" width=\"124\">Materia\u00a0<\/td>\n<td width=\"154\">\n<p>4 horas<\/p>\n<\/td>\n<\/tr>\n<tr>\n<td width=\"45\">\n<p>15<\/p>\n<\/td>\n<td width=\"428\">\n<p>Seguridad Inform\u00e1tica I<\/p>\n<\/td>\n<td width=\"148\">\n<p>Anual<\/p>\n<\/td>\n<td style=\"text-align: left;\" width=\"124\">Taller<\/td>\n<td width=\"154\">\n<p>4 horas<\/p>\n<\/td>\n<\/tr>\n<tr>\n<td width=\"45\">\n<p>16<\/p>\n<\/td>\n<td width=\"428\">\n<p>Planificaci\u00f3n Inform\u00e1tica<\/p>\n<\/td>\n<td width=\"148\">\n<p>Cuatrimestral<\/p>\n<\/td>\n<td style=\"text-align: left;\" width=\"124\">Taller<\/td>\n<td width=\"154\">\n<p>6 horas<\/p>\n<\/td>\n<\/tr>\n<tr>\n<td width=\"45\">\n<p>17<\/p>\n<\/td>\n<td width=\"428\">\n<p>Pr\u00e1ctica Profesionalizante II<\/p>\n<\/td>\n<td width=\"148\">\n<p>Anual<\/p>\n<\/td>\n<td style=\"text-align: left;\" width=\"124\">Pr\u00e1ctica Profesionalizante<\/td>\n<td width=\"154\">\n<p>6 horas<\/p>\n<\/td>\n<\/tr>\n<tr>\n<td colspan=\"5\" width=\"898\">\n<p><strong>3\u00b0a\u00f1o<\/strong><\/p>\n<\/td>\n<\/tr>\n<tr>\n<td width=\"45\">\n<p>18<\/p>\n<\/td>\n<td width=\"428\">\n<p>Identidad y Desigualdad Sociocultural<\/p>\n<\/td>\n<td width=\"148\">\n<p>Cuatrimestral<\/p>\n<\/td>\n<td style=\"text-align: left;\" width=\"124\">Materia<\/td>\n<td width=\"154\">\n<p>4 horas<\/p>\n<\/td>\n<\/tr>\n<tr>\n<td width=\"45\">\n<p>19<\/p>\n<\/td>\n<td width=\"428\">\n<p>Soporte T\u00e9cnico II<\/p>\n<\/td>\n<td width=\"148\">\n<p>Anual<\/p>\n<\/td>\n<td style=\"text-align: left;\" width=\"124\">Taller<\/td>\n<td width=\"154\">\n<p>4 horas<\/p>\n<\/td>\n<\/tr>\n<tr>\n<td width=\"45\">\n<p>20<\/p>\n<\/td>\n<td width=\"428\">\n<p>Redes II<\/p>\n<\/td>\n<td width=\"148\">\n<p>Anual<\/p>\n<\/td>\n<td style=\"text-align: left;\" width=\"124\">Taller<\/td>\n<td width=\"154\">\n<p>6 horas<\/p>\n<\/td>\n<\/tr>\n<tr>\n<td width=\"45\">\n<p>21<\/p>\n<\/td>\n<td width=\"428\">\n<p>Procesos Pol\u00edticos, Econ\u00f3micos y el Mundo del Trabajo<\/p>\n<\/td>\n<td width=\"148\">\n<p>Cuatrimestral<\/p>\n<\/td>\n<td style=\"text-align: left;\" width=\"124\">Materia<\/td>\n<td width=\"154\">\n<p>5 horas<\/p>\n<\/td>\n<\/tr>\n<tr>\n<td width=\"45\">\n<p>22<\/p>\n<\/td>\n<td width=\"428\">\n<p>Seguridad Inform\u00e1tica II<\/p>\n<\/td>\n<td width=\"148\">\n<p>Anual<\/p>\n<\/td>\n<td style=\"text-align: left;\" width=\"124\">Taller<\/td>\n<td width=\"154\">\n<p>4 horas<\/p>\n<\/td>\n<\/tr>\n<tr>\n<td width=\"45\">\n<p>23<\/p>\n<\/td>\n<td width=\"428\">\n<p>Base de Datos<\/p>\n<\/td>\n<td width=\"148\">\n<p>cuatrimestral<\/p>\n<\/td>\n<td style=\"text-align: left;\" width=\"124\">Materia\u00a0<\/td>\n<td width=\"154\">\n<p>6 horas<\/p>\n<\/td>\n<\/tr>\n<tr>\n<td width=\"45\">\n<p>24<\/p>\n<\/td>\n<td width=\"428\">\n<p>Marco \u00c9tico y Normativo de la Profesi\u00f3n<\/p>\n<\/td>\n<td width=\"148\">\n<p>Cuatrimestral<\/p>\n<\/td>\n<td style=\"text-align: left;\" width=\"124\">Materia<\/td>\n<td width=\"154\">\n<p>4 horas<\/p>\n<\/td>\n<\/tr>\n<tr>\n<td width=\"45\">\n<p>25<\/p>\n<\/td>\n<td width=\"428\">\n<p>Pr\u00e1ctica Profesionalizante III<\/p>\n<\/td>\n<td width=\"148\">\n<p>Anual<\/p>\n<\/td>\n<td style=\"text-align: left;\" width=\"124\">Pr\u00e1ctica Profesionalizante<\/td>\n<td width=\"154\">\n<p>10 horas<\/p>\n<\/td>\n<\/tr>\n<\/tbody>\n<\/table>\n\n\n<p><\/p>\n","protected":false},"excerpt":{"rendered":"<p>TECNICATURA SUPERIOR EN INFRAESTRUCTURA INFORM\u00c1TICA Cohorte: 2021\/2022\/2023 &#8211; Total de Unidades Curriculares: 25 \u2013 T\u00edtulo que otorga: T\u00e9cnico Superior en Soporte de Infraestructura de Tecnolog\u00eda de la Informaci\u00f3n 1\u00b0A\u00d1O \u00a0 UNIDAD CURRICULAR R\u00c9GIMEN FORMATO HORAS DID\u00c1CTICAS 1 Relaci\u00f3n Estado \u2013 Sociedad Cuatrimestral Materia 4 horas 2 Inform\u00e1tica Anual Taller 6 horas 3 Ingl\u00e9s T\u00e9cnico Anual &#8230; <a title=\"Plan de Estudio\" class=\"read-more\" href=\"https:\/\/isfdsanmiguel-crr.infd.edu.ar\/sitio\/estudiantes\/ingresantes\/\" aria-label=\"More on Plan de Estudio\">[+]<\/a><\/p>\n","protected":false},"author":6,"featured_media":0,"parent":692,"menu_order":0,"comment_status":"closed","ping_status":"closed","template":"","meta":[],"acf":[],"_links":{"self":[{"href":"https:\/\/isfdsanmiguel-crr.infd.edu.ar\/sitio\/wp-json\/wp\/v2\/pages\/730"}],"collection":[{"href":"https:\/\/isfdsanmiguel-crr.infd.edu.ar\/sitio\/wp-json\/wp\/v2\/pages"}],"about":[{"href":"https:\/\/isfdsanmiguel-crr.infd.edu.ar\/sitio\/wp-json\/wp\/v2\/types\/page"}],"author":[{"embeddable":true,"href":"https:\/\/isfdsanmiguel-crr.infd.edu.ar\/sitio\/wp-json\/wp\/v2\/users\/6"}],"replies":[{"embeddable":true,"href":"https:\/\/isfdsanmiguel-crr.infd.edu.ar\/sitio\/wp-json\/wp\/v2\/comments?post=730"}],"version-history":[{"count":11,"href":"https:\/\/isfdsanmiguel-crr.infd.edu.ar\/sitio\/wp-json\/wp\/v2\/pages\/730\/revisions"}],"predecessor-version":[{"id":949,"href":"https:\/\/isfdsanmiguel-crr.infd.edu.ar\/sitio\/wp-json\/wp\/v2\/pages\/730\/revisions\/949"}],"up":[{"embeddable":true,"href":"https:\/\/isfdsanmiguel-crr.infd.edu.ar\/sitio\/wp-json\/wp\/v2\/pages\/692"}],"wp:attachment":[{"href":"https:\/\/isfdsanmiguel-crr.infd.edu.ar\/sitio\/wp-json\/wp\/v2\/media?parent=730"}],"curies":[{"name":"wp","href":"https:\/\/api.w.org\/{rel}","templated":true}]}}