{"id":685,"date":"2018-07-25T15:06:42","date_gmt":"2018-07-25T18:06:42","guid":{"rendered":"https:\/\/isfdsanmiguel-crr.infd.edu.ar\/sitio\/?page_id=685"},"modified":"2024-03-15T16:32:28","modified_gmt":"2024-03-15T19:32:28","slug":"autoridades","status":"publish","type":"page","link":"https:\/\/isfdsanmiguel-crr.infd.edu.ar\/sitio\/institucional\/autoridades\/","title":{"rendered":"Autoridades"},"content":{"rendered":"<h4><\/h4>\n<h4><span data-mce-mark=\"1\"><strong>Rector<\/strong><\/span><\/h4>\n<p><em>Prof. Miguel \u00c1ngel Arbo<\/em><\/p>\n<h4><strong>Secretario Acad\u00e9mico<\/strong><\/h4>\n<p>Prof. Luis Alfredo Correa<\/p>\n<h4><span data-mce-mark=\"1\"><strong>Secretar\u00eda <\/strong><\/span><span data-mce-mark=\"1\"><strong>Administrativa<\/strong><\/span><\/h4>\n<p><span data-mce-mark=\"1\"><em>Prof. Anabella Gonz\u00e1lez\u00a0<\/em><\/span><\/p>\n<h4><b>Preceptor<\/b><\/h4>\n<p><em>Prof. Iara Carolina Anahi Medina<\/em><\/p>\n<p><span data-mce-mark=\"1\">Prof. Adelquis Ademir Sbrola<\/span><\/p>\n<h4><b>Referente Tic<\/b><\/h4>\n<p><span data-mce-mark=\"1\">Prof. Adelquis Ademir Sbrola<\/span><\/p>\n<h4><strong>Coordinador de <\/strong><b>Pr\u00e1cticas <\/b>Docentes<\/h4>\n<p><em>Mgster. H\u00e9ctor Emanuel Espinola<\/em><\/p>\n<h4>Coordinadores De Carrera<\/h4>\n<p>Prof. Maricel Del Carmen Escalante<\/p>\n<p>Lic. Juan Marcelo Villordo<\/p>\n<p>Prof. Yamil Hugo Sotelo<\/p>\n<p>Prof. Marcos Monz\u00f3n<\/p>\n<h4>Coordinador Institucional de Pol\u00edticas Estudiantiles<\/h4>\n<p>Prof. Jos\u00e9 Luis Salguero<\/p>\n","protected":false},"excerpt":{"rendered":"<p>Rector Prof. Miguel \u00c1ngel Arbo Secretario Acad\u00e9mico Prof. Luis Alfredo Correa Secretar\u00eda Administrativa Prof. Anabella Gonz\u00e1lez\u00a0 Preceptor Prof. Iara Carolina Anahi Medina Prof. Adelquis Ademir Sbrola Referente Tic Prof. Adelquis Ademir Sbrola Coordinador de Pr\u00e1cticas Docentes Mgster. H\u00e9ctor Emanuel Espinola Coordinadores De Carrera Prof. Maricel Del Carmen Escalante Lic. Juan Marcelo Villordo Prof. Yamil Hugo &#8230; <a title=\"Autoridades\" class=\"read-more\" href=\"https:\/\/isfdsanmiguel-crr.infd.edu.ar\/sitio\/institucional\/autoridades\/\" aria-label=\"More on Autoridades\">[+]<\/a><\/p>\n","protected":false},"author":6,"featured_media":0,"parent":683,"menu_order":0,"comment_status":"closed","ping_status":"closed","template":"","meta":[],"acf":[],"_links":{"self":[{"href":"https:\/\/isfdsanmiguel-crr.infd.edu.ar\/sitio\/wp-json\/wp\/v2\/pages\/685"}],"collection":[{"href":"https:\/\/isfdsanmiguel-crr.infd.edu.ar\/sitio\/wp-json\/wp\/v2\/pages"}],"about":[{"href":"https:\/\/isfdsanmiguel-crr.infd.edu.ar\/sitio\/wp-json\/wp\/v2\/types\/page"}],"author":[{"embeddable":true,"href":"https:\/\/isfdsanmiguel-crr.infd.edu.ar\/sitio\/wp-json\/wp\/v2\/users\/6"}],"replies":[{"embeddable":true,"href":"https:\/\/isfdsanmiguel-crr.infd.edu.ar\/sitio\/wp-json\/wp\/v2\/comments?post=685"}],"version-history":[{"count":17,"href":"https:\/\/isfdsanmiguel-crr.infd.edu.ar\/sitio\/wp-json\/wp\/v2\/pages\/685\/revisions"}],"predecessor-version":[{"id":954,"href":"https:\/\/isfdsanmiguel-crr.infd.edu.ar\/sitio\/wp-json\/wp\/v2\/pages\/685\/revisions\/954"}],"up":[{"embeddable":true,"href":"https:\/\/isfdsanmiguel-crr.infd.edu.ar\/sitio\/wp-json\/wp\/v2\/pages\/683"}],"wp:attachment":[{"href":"https:\/\/isfdsanmiguel-crr.infd.edu.ar\/sitio\/wp-json\/wp\/v2\/media?parent=685"}],"curies":[{"name":"wp","href":"https:\/\/api.w.org\/{rel}","templated":true}]}}