{"id":644,"date":"2018-06-18T14:12:35","date_gmt":"2018-06-18T17:12:35","guid":{"rendered":"https:\/\/isfdsanmiguel-crr.infd.edu.ar\/sitio\/?page_id=644"},"modified":"2023-04-25T21:55:55","modified_gmt":"2023-04-26T00:55:55","slug":"catalogo","status":"publish","type":"page","link":"https:\/\/isfdsanmiguel-crr.infd.edu.ar\/sitio\/catalogo\/","title":{"rendered":"Profesorado de Educaci\u00f3n Secundaria en Matem\u00e1tica"},"content":{"rendered":"\n<figure class=\"wp-block-table\"><table><tbody><tr><td><strong>PROFESOR DE EDUCACION SECUNDARIA EN AGRONOMIA<\/strong><strong><\/strong><\/td><\/tr><tr><td><strong>1\u00b0 A\u00f1o<\/strong><\/td><\/tr><tr><td>&nbsp;<\/td><td>Unidad Curricular<\/td><td>R\u00e9gimen<\/td><td>Formato<\/td><td>Horas Did\u00e1cticas<\/td><\/tr><tr><td>1<\/td><td>Biolog\u00eda<\/td><td>Anual<\/td><td>Materia<\/td><td>4 horas<\/td><\/tr><tr><td>2<\/td><td>Introducci\u00f3n a la Agronom\u00eda<\/td><td>Anual<\/td><td>Materia<\/td><td>4 horas<\/td><\/tr><tr><td>3<\/td><td>F\u00edsico-Qu\u00edmica Aplicada<\/td><td>Anual<\/td><td>Materia<\/td><td>4 horas<\/td><\/tr><tr><td>4<\/td><td>Matem\u00e1tica Aplicada<\/td><td>Anual<\/td><td>Materia<\/td><td>4 horas<\/td><\/tr><tr><td>5<\/td><td>Lectura y Escritura Acad\u00e9mica<\/td><td>Anual<\/td><td>Taller<\/td><td>4 horas<\/td><\/tr><tr><td>6<\/td><td>Filosof\u00eda<\/td><td>Anual<\/td><td>Materia<\/td><td>4 horas<\/td><\/tr><tr><td>7<\/td><td>Pedagog\u00eda<\/td><td>Cuatrimestral<\/td><td>Materia<\/td><td>6 horas<\/td><\/tr><tr><td>8<\/td><td>Psicolog\u00eda Educacional<\/td><td>Cuatrimestral<\/td><td>Materia<\/td><td>6 horas<\/td><\/tr><tr><td>9<\/td><td>Did\u00e1ctica General<\/td><td>Anual<\/td><td>Materia<\/td><td>4 horas<\/td><\/tr><tr><td>10<\/td><td>Pr\u00e1ctica |: M\u00e9todos y T\u00e9cnicas de Recolecci\u00f3n \/Instituciones Educativas<\/td><td>Anual<\/td><td>Taller<\/td><td>5 horas<\/td><\/tr><tr><td><strong>2\u00b0 A\u00f1o<\/strong><\/td><\/tr><tr><td>11<\/td><td>Tecnolog\u00edas de la Informaci\u00f3n y la Comunicaci\u00f3n en la Ense\u00f1anza<\/td><td>Cuatrimestral<\/td><td>Taller<\/td><td>6 horas<\/td><\/tr><tr><td>12<\/td><td>Ecolog\u00eda<\/td><td>Cuatrimestral<\/td><td>Materia<\/td><td>4 horas<\/td><\/tr><tr><td>13<\/td><td>Sistemas de Producci\u00f3n<\/td><td>Cuatrimestral<\/td><td>Materia<\/td><td>4 horas<\/td><\/tr><tr><td>14<\/td><td>Econom\u00eda y Sociolog\u00eda Agrarias<\/td><td>Anual<\/td><td>Materia<\/td><td>4 horas<\/td><\/tr><tr><td>15<\/td><td>Did\u00e1ctica Especifica<\/td><td>Anual<\/td><td>Materia<\/td><td>6 horas<\/td><\/tr><tr><td>16<\/td><td>Sujeto de la Educaci\u00f3n Secundaria<\/td><td>Anual<\/td><td>Seminario<\/td><td>6 horas<\/td><\/tr><tr><td>17<\/td><td>Historia Argentina y Latinoamericana<\/td><td>Cuatrimestral<\/td><td>Materia<\/td><td>4 horas<\/td><\/tr><tr><td>18<\/td><td>PracticaII: Programacion de la Ense\u00f1anza \/ Curriculum y Organizaciones Escolares<\/td><td>Anual<\/td><td>Taller<\/td><td>6 horas<\/td><\/tr><tr><td><strong>3\u00b0 A\u00f1o<\/strong><\/td><\/tr><tr><td>19<\/td><td>Propuesta variable o Complementaria 1<\/td><td>Cuatrimestral<\/td><td>Seminario<\/td><td>3 horas<\/td><\/tr><tr><td>20<\/td><td>Propuesta variable o Complementaria 2<\/td><td>Cuatrimestral<\/td><td>Seminario<\/td><td>3 horas<\/td><\/tr><tr><td>21<\/td><td>Qu\u00edmica Org\u00e1nica<\/td><td>Anual<\/td><td>Materia<\/td><td>6 horas<\/td><\/tr><tr><td>22<\/td><td>Climatolog\u00eda Agr\u00edcola<\/td><td>Cuatrimestral<\/td><td>Taller<\/td><td>3 horas<\/td><\/tr><tr><td>23<\/td><td>Eco-Fisiolog\u00eda<\/td><td>Cuatrimestral<\/td><td>Seminario<\/td><td>3 horas<\/td><\/tr><tr><td>24<\/td><td>Agricultura Ecol\u00f3gica y Alimentaci\u00f3n<\/td><td>Cuatrimestral<\/td><td>Taller<\/td><td>4 horas<\/td><\/tr><tr><td>25<\/td><td>Bot\u00e1nica Agr\u00edcola<\/td><td>Cuatrimestral<\/td><td>Taller<\/td><td>4 horas<\/td><\/tr><tr><td>26<\/td><td>Ingles T\u00e9cnico<\/td><td>Anual<\/td><td>Materia<\/td><td>3 horas<\/td><\/tr><tr><td>27<\/td><td>Sociolog\u00eda de la Educaci\u00f3n<\/td><td>Cuatrimestral<\/td><td>Materia<\/td><td>6 horas<\/td><\/tr><tr><td>28<\/td><td>Historia y politica de la Educ. Argentina<\/td><td>Cuatrimestral<\/td><td>Materia<\/td><td>4 horas<\/td><\/tr><tr><td>29<\/td><td>Practica III: Coordinaci\u00f3n de Grupos de Aprendisajes \/ Evaluacion de los Aprendisajes<\/td><td>Anual<\/td><td>Taller<\/td><td>7 horas<\/td><\/tr><tr><td><strong>4\u00b0 A\u00f1o<\/strong><\/td><\/tr><tr><td>30<\/td><td>Zoolog\u00eda Agr\u00edcola<\/td><td>Cuatrimestral<\/td><td>Materia<\/td><td>6 horas<\/td><\/tr><tr><td>31<\/td><td>Cultivos regionales<\/td><td>Cuatrimestral<\/td><td>Materia<\/td><td>6 horas<\/td><\/tr><tr><td>32<\/td><td>Instalaciones y Maquinaria agr\u00edcola<\/td><td>Cuatrimestral<\/td><td>Materia<\/td><td>6 horas<\/td><\/tr><tr><td>33<\/td><td>Granja<\/td><td>Cuatrimestral<\/td><td>Materia<\/td><td>3 horas<\/td><\/tr><tr><td>34<\/td><td>Educaci\u00f3n Sexual Integral<\/td><td>Cuatrimestral<\/td><td>Taller<\/td><td>3 horas<\/td><\/tr><tr><td>35<\/td><td>Propuesta variable o complementaria 3<\/td><td>Cuatrimestral<\/td><td>Seminario<\/td><td>3 horas<\/td><\/tr><tr><td>36<\/td><td>Propuesta variable o complementaria 4<\/td><td>Cuatrimestral<\/td><td>Taller<\/td><td>3 horas<\/td><\/tr><\/tbody><\/table><\/figure>\n","protected":false},"excerpt":{"rendered":"<p>PROFESOR DE EDUCACION SECUNDARIA EN AGRONOMIA 1\u00b0 A\u00f1o &nbsp; Unidad Curricular R\u00e9gimen Formato Horas Did\u00e1cticas 1 Biolog\u00eda Anual Materia 4 horas 2 Introducci\u00f3n a la Agronom\u00eda Anual Materia 4 horas 3 F\u00edsico-Qu\u00edmica Aplicada Anual Materia 4 horas 4 Matem\u00e1tica Aplicada Anual Materia 4 horas 5 Lectura y Escritura Acad\u00e9mica Anual Taller 4 horas 6 Filosof\u00eda &#8230; <a title=\"Profesorado de Educaci\u00f3n Secundaria en Matem\u00e1tica\" class=\"read-more\" href=\"https:\/\/isfdsanmiguel-crr.infd.edu.ar\/sitio\/catalogo\/\" aria-label=\"More on Profesorado de Educaci\u00f3n Secundaria en Matem\u00e1tica\">[+]<\/a><\/p>\n","protected":false},"author":1,"featured_media":0,"parent":0,"menu_order":0,"comment_status":"closed","ping_status":"closed","template":"","meta":[],"acf":[],"_links":{"self":[{"href":"https:\/\/isfdsanmiguel-crr.infd.edu.ar\/sitio\/wp-json\/wp\/v2\/pages\/644"}],"collection":[{"href":"https:\/\/isfdsanmiguel-crr.infd.edu.ar\/sitio\/wp-json\/wp\/v2\/pages"}],"about":[{"href":"https:\/\/isfdsanmiguel-crr.infd.edu.ar\/sitio\/wp-json\/wp\/v2\/types\/page"}],"author":[{"embeddable":true,"href":"https:\/\/isfdsanmiguel-crr.infd.edu.ar\/sitio\/wp-json\/wp\/v2\/users\/1"}],"replies":[{"embeddable":true,"href":"https:\/\/isfdsanmiguel-crr.infd.edu.ar\/sitio\/wp-json\/wp\/v2\/comments?post=644"}],"version-history":[{"count":8,"href":"https:\/\/isfdsanmiguel-crr.infd.edu.ar\/sitio\/wp-json\/wp\/v2\/pages\/644\/revisions"}],"predecessor-version":[{"id":874,"href":"https:\/\/isfdsanmiguel-crr.infd.edu.ar\/sitio\/wp-json\/wp\/v2\/pages\/644\/revisions\/874"}],"wp:attachment":[{"href":"https:\/\/isfdsanmiguel-crr.infd.edu.ar\/sitio\/wp-json\/wp\/v2\/media?parent=644"}],"curies":[{"name":"wp","href":"https:\/\/api.w.org\/{rel}","templated":true}]}}