{"id":318,"date":"2016-10-31T14:20:44","date_gmt":"2016-10-31T17:20:44","guid":{"rendered":"https:\/\/isfdsanmiguel-crr.infd.edu.ar\/sitio\/?page_id=318"},"modified":"2023-04-27T14:58:06","modified_gmt":"2023-04-27T17:58:06","slug":"contacto","status":"publish","type":"page","link":"https:\/\/isfdsanmiguel-crr.infd.edu.ar\/sitio\/institucional\/contacto\/","title":{"rendered":"Datos de contacto"},"content":{"rendered":"<h1>Comunicate con nosotros<\/h1>\n<h4><strong>Direcci\u00f3n: Libertad&nbsp; 1435<\/strong><\/h4>\n<h4>C\u00f3digo Postal: 3485<\/h4>\n<h4>Localidad: San Miguel<\/h4>\n<p><iframe src=\"https:\/\/www.google.com\/maps\/embed?pb=!1m18!1m12!1m3!1d220.17808161015898!2d-57.591927805477575!3d-27.99850650739242!2m3!1f0!2f0!3f0!3m2!1i1024!2i768!4f13.1!3m3!1m2!1s0x9450f9bb815c246b%3A0xeb4a042c4aee37e2!2sISFD%20SAN%20MIGUEL!5e0!3m2!1ses!2sar!4v1682618082432!5m2!1ses!2sar\" style=\"border:0;\" allowfullscreen=\"\" loading=\"lazy\" referrerpolicy=\"no-referrer-when-downgrade\" width=\"400\" height=\"300\"><\/iframe>&nbsp;<\/p>\n<h4>Red Social: <a href=\"https:\/\/www.facebook.com\/profile.php?id=100063718913389\" target=\"_blank\" rel=\"noopener\">Facebook<\/a><\/h4>\n<h4><strong>Tel\u00e9fono: 379 4596483<\/strong><\/h4>\n<h4><strong>Correo Electr\u00f3nico: 1801830-00@superior.mec.gob.ar<br \/>\n<\/strong><\/h4>\n<h4><strong>Horarios de atenci\u00f3n: De Lunes a Viernes 18:30hs. a 23:50hs.<\/strong><\/h4>\n","protected":false},"excerpt":{"rendered":"<p>Comunicate con nosotros Direcci\u00f3n: Libertad&nbsp; 1435 C\u00f3digo Postal: 3485 Localidad: San Miguel &nbsp; Red Social: Facebook Tel\u00e9fono: 379 4596483 Correo Electr\u00f3nico: 1801830-00@superior.mec.gob.ar Horarios de atenci\u00f3n: De Lunes a Viernes 18:30hs. a 23:50hs.<\/p>\n","protected":false},"author":1,"featured_media":0,"parent":683,"menu_order":0,"comment_status":"closed","ping_status":"closed","template":"","meta":[],"acf":[],"_links":{"self":[{"href":"https:\/\/isfdsanmiguel-crr.infd.edu.ar\/sitio\/wp-json\/wp\/v2\/pages\/318"}],"collection":[{"href":"https:\/\/isfdsanmiguel-crr.infd.edu.ar\/sitio\/wp-json\/wp\/v2\/pages"}],"about":[{"href":"https:\/\/isfdsanmiguel-crr.infd.edu.ar\/sitio\/wp-json\/wp\/v2\/types\/page"}],"author":[{"embeddable":true,"href":"https:\/\/isfdsanmiguel-crr.infd.edu.ar\/sitio\/wp-json\/wp\/v2\/users\/1"}],"replies":[{"embeddable":true,"href":"https:\/\/isfdsanmiguel-crr.infd.edu.ar\/sitio\/wp-json\/wp\/v2\/comments?post=318"}],"version-history":[{"count":20,"href":"https:\/\/isfdsanmiguel-crr.infd.edu.ar\/sitio\/wp-json\/wp\/v2\/pages\/318\/revisions"}],"predecessor-version":[{"id":951,"href":"https:\/\/isfdsanmiguel-crr.infd.edu.ar\/sitio\/wp-json\/wp\/v2\/pages\/318\/revisions\/951"}],"up":[{"embeddable":true,"href":"https:\/\/isfdsanmiguel-crr.infd.edu.ar\/sitio\/wp-json\/wp\/v2\/pages\/683"}],"wp:attachment":[{"href":"https:\/\/isfdsanmiguel-crr.infd.edu.ar\/sitio\/wp-json\/wp\/v2\/media?parent=318"}],"curies":[{"name":"wp","href":"https:\/\/api.w.org\/{rel}","templated":true}]}}